{"id":681,"date":"2021-05-06T10:45:57","date_gmt":"2021-05-06T08:45:57","guid":{"rendered":"https:\/\/renee.com.de\/?page_id=681"},"modified":"2023-07-05T17:05:20","modified_gmt":"2023-07-05T15:05:20","slug":"impressum","status":"publish","type":"page","link":"https:\/\/renee.com.de\/de\/impressum\/","title":{"rendered":"IMPRESSUM"},"content":{"rendered":"<p><img loading=\"lazy\" decoding=\"async\" class=\"alignnone size-full wp-image-670\" src=\"https:\/\/renee.com.de\/wp-content\/themes\/renee\/assets\/img\/qventis.svg\" alt=\"\" width=\"215\" height=\"69\" \/><\/p>\n<p>Qventis GmbH<br \/>\nNeuendorfstrasse 18 b<br \/>\n16761 Hennigsdorf b. Berlin<br \/>\nDeutschland<br \/>\nTel: +49 3302 2006 784<br \/>\nE-Mail: info@qventis.com<\/p>\n<p>Gesch\u00e4ftsf\u00fchrerin: Dr. Lidia Nachbaur<br \/>\nSitz der Gesellschaft: Hennigsdorf<br \/>\nAmtsgericht Neuruppin HRB11641<br \/>\nUSt-IdNr.: DE310117789<\/p>\n<p>&nbsp;<\/p>\n<p>1. Haftungsausschluss<\/p>\n<p>Inhalt des Onlineangebotes Der verantwortliche Herausgeber dieser Website (nachfolgend Autor genannt) \u00fcbernimmt keinerlei Gew\u00e4hr f\u00fcr die Aktualit\u00e4t, Korrektheit, Vollst\u00e4ndigkeit oder Qualit\u00e4t der bereitgestellten Informationen. Haftungsanspr\u00fcche gegen den Autor, die sich auf Sch\u00e4den materieller oder ideeller Art beziehen, welche durch die Nutzung oder Nichtnutzung der dargebotenen Informationen beziehungsweise durch die Nutzung fehlerhafter und unvollst\u00e4ndiger Informationen verursacht wurden, sind grunds\u00e4tzlich ausgeschlossen, sofern seitens des Autors kein nachweislich vors\u00e4tzliches oder grob fahrl\u00e4ssiges Verschulden vorliegt. Alle Angebote sind freibleibend und unverbindlich. Der Autor beh\u00e4lt es sich ausdr\u00fccklich vor, Teile der Seiten oder das gesamte Angebot ohne gesonderte Ank\u00fcndigung zu ver\u00e4ndern, zu erg\u00e4nzen, zu l\u00f6schen oder die Ver\u00f6ffentlichung zeitweise oder endg\u00fcltig einzustellen.<\/p>\n<p>&nbsp;<\/p>\n<p>2. Verweise und Links<\/p>\n<p>Sofern auf Verweisziele (\u201eLinks\u201c) direkt oder indirekt verwiesen wird, die au\u00dferhalb des Verantwortungsbereiches des Autors liegen, haftet dieser nur dann, wenn er von den Inhalten Kenntnis hat und es ihm technisch m\u00f6glich und zumutbar w\u00e4re, die Nutzung im Falle rechtswidriger Inhalte zu verhindern. F\u00fcr dar\u00fcber hinausgehende Inhalte und insbesondere f\u00fcr Sch\u00e4den, die aus der Nutzung oder Nichtnutzung solcherart dargebotener Informationen entstehen, haftet allein der Anbieter der Seite, auf welche verwiesen wurde, nicht derjenige, der \u00fcber Links auf die jeweilige Ver\u00f6ffentlichung lediglich verweist. Diese Einschr\u00e4nkung gilt gleicherma\u00dfen auch f\u00fcr Fremdeintr\u00e4ge in eventuell vom Autor eingerichteten G\u00e4steb\u00fcchern, Diskussionsforen und Mailinglisten.<\/p>\n<p>&nbsp;<\/p>\n<p>3. Urheberrecht<\/p>\n<p>Der Autor ist bestrebt, in allen Publikationen die Urheberrechte der verwendeten Grafiken, Tondokumente, Videosequenzen und Texte zu beachten, von ihm selbst erstellte Grafiken, Tondokumente, Videosequenzen und Texte zu nutzen oder auf lizenzfreie Grafiken, Tondokumente, Videosequenzen und Texte zur\u00fcckzugreifen. Das Copyright f\u00fcr ver\u00f6ffentlichte, vom Autor selbst erstellte Objekte bleibt allein beim Autor der Seiten. Eine Vervielf\u00e4ltigung oder Verwendung solcher Grafiken, Tondokumente, Videosequenzen und Texte in anderen elektronischen oder gedruckten Publikationen ist ohne ausdr\u00fcckliche Zustimmung des Autors nicht gestattet.<\/p>\n<p>&nbsp;<\/p>\n<p>4. Rechtswirksamkeit dieses Haftungsausschlusses<\/p>\n<p>Dieser Haftungsausschlu\u00df ist als Teil des Internetsangebotes zu betrachten, von dem aus auf diese Seite verwiesen wurde. Sofern Teile oder einzelne Formulierungen dieses Textes der geltenden Rechtslage nicht, nicht mehr oder nicht vollst\u00e4ndig entsprechen sollten, bleiben die \u00fcbrigen Teile des Dokumentes in ihrem Inhalt und ihrer G\u00fcltigkeit davon unber\u00fchrt.<\/p>\n","protected":false},"excerpt":{"rendered":"<p>Qventis GmbH Neuendorfstrasse 18 b 16761 Hennigsdorf b. Berlin Deutschland Tel: +49 3302 2006 784 E-Mail: info@qventis.com Gesch\u00e4ftsf\u00fchrerin: Dr. Lidia Nachbaur Sitz der Gesellschaft: Hennigsdorf Amtsgericht Neuruppin HRB11641 USt-IdNr.: DE310117789 &nbsp; 1. Haftungsausschluss Inhalt des Onlineangebotes Der verantwortliche Herausgeber dieser Website (nachfolgend Autor genannt) \u00fcbernimmt keinerlei Gew\u00e4hr f\u00fcr die Aktualit\u00e4t, Korrektheit, Vollst\u00e4ndigkeit oder Qualit\u00e4t der [&hellip;]<\/p>\n","protected":false},"author":1,"featured_media":0,"parent":0,"menu_order":0,"comment_status":"closed","ping_status":"closed","template":"","meta":{"_acf_changed":false,"footnotes":""},"class_list":["post-681","page","type-page","status-publish","hentry"],"acf":[],"yoast_head":"<!-- This site is optimized with the Yoast SEO plugin v25.4 - https:\/\/yoast.com\/wordpress\/plugins\/seo\/ -->\n<title>IMPRESSUM - Ren\u00e9e<\/title>\n<meta name=\"description\" content=\"Ren\u00e9e - Bionic design for natural rejuvenation\" \/>\n<meta name=\"robots\" content=\"index, follow, max-snippet:-1, max-image-preview:large, max-video-preview:-1\" \/>\n<link rel=\"canonical\" href=\"https:\/\/renee.com.de\/de\/impressum\/\" \/>\n<meta property=\"og:locale\" content=\"de_DE\" \/>\n<meta property=\"og:type\" content=\"article\" \/>\n<meta property=\"og:title\" content=\"IMPRESSUM - Ren\u00e9e\" \/>\n<meta property=\"og:description\" content=\"Ren\u00e9e - Bionic design for natural rejuvenation\" \/>\n<meta property=\"og:url\" content=\"https:\/\/renee.com.de\/de\/impressum\/\" \/>\n<meta property=\"og:site_name\" content=\"Ren\u00e9e\" \/>\n<meta property=\"article:publisher\" content=\"https:\/\/www.facebook.com\/reneeqventis\/\" \/>\n<meta property=\"article:modified_time\" content=\"2023-07-05T15:05:20+00:00\" \/>\n<meta property=\"og:image\" content=\"https:\/\/renee.com.de\/wp-content\/themes\/renee\/assets\/img\/qventis.svg\" \/>\n<meta name=\"twitter:card\" content=\"summary_large_image\" \/>\n<meta name=\"twitter:label1\" content=\"Gesch\u00e4tzte Lesezeit\" \/>\n\t<meta name=\"twitter:data1\" content=\"2\u00a0Minuten\" \/>\n<script type=\"application\/ld+json\" class=\"yoast-schema-graph\">{\"@context\":\"https:\/\/schema.org\",\"@graph\":[{\"@type\":\"WebPage\",\"@id\":\"https:\/\/renee.com.de\/de\/impressum\/\",\"url\":\"https:\/\/renee.com.de\/de\/impressum\/\",\"name\":\"IMPRESSUM - Ren\u00e9e\",\"isPartOf\":{\"@id\":\"https:\/\/renee.com.de\/#website\"},\"primaryImageOfPage\":{\"@id\":\"https:\/\/renee.com.de\/de\/impressum\/#primaryimage\"},\"image\":{\"@id\":\"https:\/\/renee.com.de\/de\/impressum\/#primaryimage\"},\"thumbnailUrl\":\"https:\/\/renee.com.de\/wp-content\/themes\/renee\/assets\/img\/qventis.svg\",\"datePublished\":\"2021-05-06T08:45:57+00:00\",\"dateModified\":\"2023-07-05T15:05:20+00:00\",\"description\":\"Ren\u00e9e - Bionic design for natural rejuvenation\",\"breadcrumb\":{\"@id\":\"https:\/\/renee.com.de\/de\/impressum\/#breadcrumb\"},\"inLanguage\":\"de\",\"potentialAction\":[{\"@type\":\"ReadAction\",\"target\":[\"https:\/\/renee.com.de\/de\/impressum\/\"]}]},{\"@type\":\"ImageObject\",\"inLanguage\":\"de\",\"@id\":\"https:\/\/renee.com.de\/de\/impressum\/#primaryimage\",\"url\":\"https:\/\/renee.com.de\/wp-content\/themes\/renee\/assets\/img\/qventis.svg\",\"contentUrl\":\"https:\/\/renee.com.de\/wp-content\/themes\/renee\/assets\/img\/qventis.svg\"},{\"@type\":\"BreadcrumbList\",\"@id\":\"https:\/\/renee.com.de\/de\/impressum\/#breadcrumb\",\"itemListElement\":[{\"@type\":\"ListItem\",\"position\":1,\"name\":\"Home\",\"item\":\"https:\/\/renee.com.de\/de\/\"},{\"@type\":\"ListItem\",\"position\":2,\"name\":\"IMPRESSUM\"}]},{\"@type\":\"WebSite\",\"@id\":\"https:\/\/renee.com.de\/#website\",\"url\":\"https:\/\/renee.com.de\/\",\"name\":\"Ren\u00e9e\",\"description\":\"Ren\u00e9e - bionic design for natural rejuvenation\",\"publisher\":{\"@id\":\"https:\/\/renee.com.de\/#organization\"},\"potentialAction\":[{\"@type\":\"SearchAction\",\"target\":{\"@type\":\"EntryPoint\",\"urlTemplate\":\"https:\/\/renee.com.de\/?s={search_term_string}\"},\"query-input\":{\"@type\":\"PropertyValueSpecification\",\"valueRequired\":true,\"valueName\":\"search_term_string\"}}],\"inLanguage\":\"de\"},{\"@type\":\"Organization\",\"@id\":\"https:\/\/renee.com.de\/#organization\",\"name\":\"Ren\u00e9e\",\"url\":\"https:\/\/renee.com.de\/\",\"logo\":{\"@type\":\"ImageObject\",\"inLanguage\":\"de\",\"@id\":\"https:\/\/renee.com.de\/#\/schema\/logo\/image\/\",\"url\":\"https:\/\/renee.com.de\/wp-content\/uploads\/2021\/02\/ms-icon-310x310-1.png\",\"contentUrl\":\"https:\/\/renee.com.de\/wp-content\/uploads\/2021\/02\/ms-icon-310x310-1.png\",\"width\":310,\"height\":310,\"caption\":\"Ren\u00e9e\"},\"image\":{\"@id\":\"https:\/\/renee.com.de\/#\/schema\/logo\/image\/\"},\"sameAs\":[\"https:\/\/www.facebook.com\/reneeqventis\/\",\"https:\/\/www.instagram.com\/renee_fillers\/\"]}]}<\/script>\n<!-- \/ Yoast SEO plugin. -->","yoast_head_json":{"title":"IMPRESSUM - Ren\u00e9e","description":"Ren\u00e9e - Bionic design for natural rejuvenation","robots":{"index":"index","follow":"follow","max-snippet":"max-snippet:-1","max-image-preview":"max-image-preview:large","max-video-preview":"max-video-preview:-1"},"canonical":"https:\/\/renee.com.de\/de\/impressum\/","og_locale":"de_DE","og_type":"article","og_title":"IMPRESSUM - Ren\u00e9e","og_description":"Ren\u00e9e - Bionic design for natural rejuvenation","og_url":"https:\/\/renee.com.de\/de\/impressum\/","og_site_name":"Ren\u00e9e","article_publisher":"https:\/\/www.facebook.com\/reneeqventis\/","article_modified_time":"2023-07-05T15:05:20+00:00","og_image":[{"url":"https:\/\/renee.com.de\/wp-content\/themes\/renee\/assets\/img\/qventis.svg","type":"","width":"","height":""}],"twitter_card":"summary_large_image","twitter_misc":{"Gesch\u00e4tzte Lesezeit":"2\u00a0Minuten"},"schema":{"@context":"https:\/\/schema.org","@graph":[{"@type":"WebPage","@id":"https:\/\/renee.com.de\/de\/impressum\/","url":"https:\/\/renee.com.de\/de\/impressum\/","name":"IMPRESSUM - Ren\u00e9e","isPartOf":{"@id":"https:\/\/renee.com.de\/#website"},"primaryImageOfPage":{"@id":"https:\/\/renee.com.de\/de\/impressum\/#primaryimage"},"image":{"@id":"https:\/\/renee.com.de\/de\/impressum\/#primaryimage"},"thumbnailUrl":"https:\/\/renee.com.de\/wp-content\/themes\/renee\/assets\/img\/qventis.svg","datePublished":"2021-05-06T08:45:57+00:00","dateModified":"2023-07-05T15:05:20+00:00","description":"Ren\u00e9e - Bionic design for natural rejuvenation","breadcrumb":{"@id":"https:\/\/renee.com.de\/de\/impressum\/#breadcrumb"},"inLanguage":"de","potentialAction":[{"@type":"ReadAction","target":["https:\/\/renee.com.de\/de\/impressum\/"]}]},{"@type":"ImageObject","inLanguage":"de","@id":"https:\/\/renee.com.de\/de\/impressum\/#primaryimage","url":"https:\/\/renee.com.de\/wp-content\/themes\/renee\/assets\/img\/qventis.svg","contentUrl":"https:\/\/renee.com.de\/wp-content\/themes\/renee\/assets\/img\/qventis.svg"},{"@type":"BreadcrumbList","@id":"https:\/\/renee.com.de\/de\/impressum\/#breadcrumb","itemListElement":[{"@type":"ListItem","position":1,"name":"Home","item":"https:\/\/renee.com.de\/de\/"},{"@type":"ListItem","position":2,"name":"IMPRESSUM"}]},{"@type":"WebSite","@id":"https:\/\/renee.com.de\/#website","url":"https:\/\/renee.com.de\/","name":"Ren\u00e9e","description":"Ren\u00e9e - bionic design for natural rejuvenation","publisher":{"@id":"https:\/\/renee.com.de\/#organization"},"potentialAction":[{"@type":"SearchAction","target":{"@type":"EntryPoint","urlTemplate":"https:\/\/renee.com.de\/?s={search_term_string}"},"query-input":{"@type":"PropertyValueSpecification","valueRequired":true,"valueName":"search_term_string"}}],"inLanguage":"de"},{"@type":"Organization","@id":"https:\/\/renee.com.de\/#organization","name":"Ren\u00e9e","url":"https:\/\/renee.com.de\/","logo":{"@type":"ImageObject","inLanguage":"de","@id":"https:\/\/renee.com.de\/#\/schema\/logo\/image\/","url":"https:\/\/renee.com.de\/wp-content\/uploads\/2021\/02\/ms-icon-310x310-1.png","contentUrl":"https:\/\/renee.com.de\/wp-content\/uploads\/2021\/02\/ms-icon-310x310-1.png","width":310,"height":310,"caption":"Ren\u00e9e"},"image":{"@id":"https:\/\/renee.com.de\/#\/schema\/logo\/image\/"},"sameAs":["https:\/\/www.facebook.com\/reneeqventis\/","https:\/\/www.instagram.com\/renee_fillers\/"]}]}},"_links":{"self":[{"href":"https:\/\/renee.com.de\/de\/wp-json\/wp\/v2\/pages\/681","targetHints":{"allow":["GET"]}}],"collection":[{"href":"https:\/\/renee.com.de\/de\/wp-json\/wp\/v2\/pages"}],"about":[{"href":"https:\/\/renee.com.de\/de\/wp-json\/wp\/v2\/types\/page"}],"author":[{"embeddable":true,"href":"https:\/\/renee.com.de\/de\/wp-json\/wp\/v2\/users\/1"}],"replies":[{"embeddable":true,"href":"https:\/\/renee.com.de\/de\/wp-json\/wp\/v2\/comments?post=681"}],"version-history":[{"count":22,"href":"https:\/\/renee.com.de\/de\/wp-json\/wp\/v2\/pages\/681\/revisions"}],"predecessor-version":[{"id":1252,"href":"https:\/\/renee.com.de\/de\/wp-json\/wp\/v2\/pages\/681\/revisions\/1252"}],"wp:attachment":[{"href":"https:\/\/renee.com.de\/de\/wp-json\/wp\/v2\/media?parent=681"}],"curies":[{"name":"wp","href":"https:\/\/api.w.org\/{rel}","templated":true}]}}