{"id":508,"date":"2021-02-15T16:58:17","date_gmt":"2021-02-15T15:58:17","guid":{"rendered":"https:\/\/renee.com.de\/skin-booster\/"},"modified":"2024-07-24T09:05:52","modified_gmt":"2024-07-24T07:05:52","slug":"skin-booster","status":"publish","type":"page","link":"https:\/\/renee.com.de\/de\/skin-booster\/","title":{"rendered":"Skin booster"},"content":{"rendered":"","protected":false},"excerpt":{"rendered":"","protected":false},"author":1,"featured_media":87,"parent":0,"menu_order":0,"comment_status":"closed","ping_status":"closed","template":"page-templates\/template-skinbooster.php","meta":{"_acf_changed":false,"footnotes":""},"class_list":["post-508","page","type-page","status-publish","has-post-thumbnail","hentry"],"acf":[],"yoast_head":"<!-- This site is optimized with the Yoast SEO plugin v25.4 - https:\/\/yoast.com\/wordpress\/plugins\/seo\/ -->\n<title>Skin booster - Ren\u00e9e<\/title>\n<meta name=\"description\" content=\"Ren\u00e9e - Bionic design for natural rejuvenation\" \/>\n<meta name=\"robots\" content=\"index, follow, max-snippet:-1, max-image-preview:large, max-video-preview:-1\" \/>\n<link rel=\"canonical\" href=\"https:\/\/renee.com.de\/de\/skin-booster\/\" \/>\n<meta property=\"og:locale\" content=\"de_DE\" \/>\n<meta property=\"og:type\" content=\"article\" \/>\n<meta property=\"og:title\" content=\"Skin booster - Ren\u00e9e\" \/>\n<meta property=\"og:description\" content=\"Ren\u00e9e - Bionic design for natural rejuvenation\" \/>\n<meta property=\"og:url\" content=\"https:\/\/renee.com.de\/de\/skin-booster\/\" \/>\n<meta property=\"og:site_name\" content=\"Ren\u00e9e\" \/>\n<meta property=\"article:publisher\" content=\"https:\/\/www.facebook.com\/reneeqventis\/\" \/>\n<meta property=\"article:modified_time\" content=\"2024-07-24T07:05:52+00:00\" \/>\n<meta property=\"og:image\" content=\"https:\/\/renee.com.de\/wp-content\/uploads\/2021\/02\/Immagine-26@2x-scaled.jpg\" \/>\n\t<meta property=\"og:image:width\" content=\"1707\" \/>\n\t<meta property=\"og:image:height\" content=\"2560\" \/>\n\t<meta property=\"og:image:type\" content=\"image\/jpeg\" \/>\n<meta name=\"twitter:card\" content=\"summary_large_image\" \/>\n<meta name=\"twitter:label1\" content=\"Gesch\u00e4tzte Lesezeit\" \/>\n\t<meta name=\"twitter:data1\" content=\"1\u00a0Minute\" \/>\n<script type=\"application\/ld+json\" class=\"yoast-schema-graph\">{\"@context\":\"https:\/\/schema.org\",\"@graph\":[{\"@type\":\"WebPage\",\"@id\":\"https:\/\/renee.com.de\/de\/skin-booster\/\",\"url\":\"https:\/\/renee.com.de\/de\/skin-booster\/\",\"name\":\"Skin booster - Ren\u00e9e\",\"isPartOf\":{\"@id\":\"https:\/\/renee.com.de\/#website\"},\"primaryImageOfPage\":{\"@id\":\"https:\/\/renee.com.de\/de\/skin-booster\/#primaryimage\"},\"image\":{\"@id\":\"https:\/\/renee.com.de\/de\/skin-booster\/#primaryimage\"},\"thumbnailUrl\":\"https:\/\/renee.com.de\/wp-content\/uploads\/2021\/02\/Immagine-26@2x-scaled.jpg\",\"datePublished\":\"2021-02-15T15:58:17+00:00\",\"dateModified\":\"2024-07-24T07:05:52+00:00\",\"description\":\"Ren\u00e9e - Bionic design for natural rejuvenation\",\"breadcrumb\":{\"@id\":\"https:\/\/renee.com.de\/de\/skin-booster\/#breadcrumb\"},\"inLanguage\":\"de\",\"potentialAction\":[{\"@type\":\"ReadAction\",\"target\":[\"https:\/\/renee.com.de\/de\/skin-booster\/\"]}]},{\"@type\":\"ImageObject\",\"inLanguage\":\"de\",\"@id\":\"https:\/\/renee.com.de\/de\/skin-booster\/#primaryimage\",\"url\":\"https:\/\/renee.com.de\/wp-content\/uploads\/2021\/02\/Immagine-26@2x-scaled.jpg\",\"contentUrl\":\"https:\/\/renee.com.de\/wp-content\/uploads\/2021\/02\/Immagine-26@2x-scaled.jpg\",\"width\":1707,\"height\":2560,\"caption\":\"Eine hellblaue rechteckige Schachtel mit der Aufschrift \\\"REN\u00c9E PRIME 18\\\" steht aufrecht vor einem wei\u00dfen Hintergrund. Der Text ist in Wei\u00df und T\u00fcrkis gehalten, mit einem klaren, minimalistischen Design.\"},{\"@type\":\"BreadcrumbList\",\"@id\":\"https:\/\/renee.com.de\/de\/skin-booster\/#breadcrumb\",\"itemListElement\":[{\"@type\":\"ListItem\",\"position\":1,\"name\":\"Home\",\"item\":\"https:\/\/renee.com.de\/de\/\"},{\"@type\":\"ListItem\",\"position\":2,\"name\":\"Skin booster\"}]},{\"@type\":\"WebSite\",\"@id\":\"https:\/\/renee.com.de\/#website\",\"url\":\"https:\/\/renee.com.de\/\",\"name\":\"Ren\u00e9e\",\"description\":\"Ren\u00e9e - bionic design for natural rejuvenation\",\"publisher\":{\"@id\":\"https:\/\/renee.com.de\/#organization\"},\"potentialAction\":[{\"@type\":\"SearchAction\",\"target\":{\"@type\":\"EntryPoint\",\"urlTemplate\":\"https:\/\/renee.com.de\/?s={search_term_string}\"},\"query-input\":{\"@type\":\"PropertyValueSpecification\",\"valueRequired\":true,\"valueName\":\"search_term_string\"}}],\"inLanguage\":\"de\"},{\"@type\":\"Organization\",\"@id\":\"https:\/\/renee.com.de\/#organization\",\"name\":\"Ren\u00e9e\",\"url\":\"https:\/\/renee.com.de\/\",\"logo\":{\"@type\":\"ImageObject\",\"inLanguage\":\"de\",\"@id\":\"https:\/\/renee.com.de\/#\/schema\/logo\/image\/\",\"url\":\"https:\/\/renee.com.de\/wp-content\/uploads\/2021\/02\/ms-icon-310x310-1.png\",\"contentUrl\":\"https:\/\/renee.com.de\/wp-content\/uploads\/2021\/02\/ms-icon-310x310-1.png\",\"width\":310,\"height\":310,\"caption\":\"Ren\u00e9e\"},\"image\":{\"@id\":\"https:\/\/renee.com.de\/#\/schema\/logo\/image\/\"},\"sameAs\":[\"https:\/\/www.facebook.com\/reneeqventis\/\",\"https:\/\/www.instagram.com\/renee_fillers\/\"]}]}<\/script>\n<!-- \/ Yoast SEO plugin. -->","yoast_head_json":{"title":"Skin booster - Ren\u00e9e","description":"Ren\u00e9e - Bionic design for natural rejuvenation","robots":{"index":"index","follow":"follow","max-snippet":"max-snippet:-1","max-image-preview":"max-image-preview:large","max-video-preview":"max-video-preview:-1"},"canonical":"https:\/\/renee.com.de\/de\/skin-booster\/","og_locale":"de_DE","og_type":"article","og_title":"Skin booster - Ren\u00e9e","og_description":"Ren\u00e9e - Bionic design for natural rejuvenation","og_url":"https:\/\/renee.com.de\/de\/skin-booster\/","og_site_name":"Ren\u00e9e","article_publisher":"https:\/\/www.facebook.com\/reneeqventis\/","article_modified_time":"2024-07-24T07:05:52+00:00","og_image":[{"width":1707,"height":2560,"url":"https:\/\/renee.com.de\/wp-content\/uploads\/2021\/02\/Immagine-26@2x-scaled.jpg","type":"image\/jpeg"}],"twitter_card":"summary_large_image","twitter_misc":{"Gesch\u00e4tzte Lesezeit":"1\u00a0Minute"},"schema":{"@context":"https:\/\/schema.org","@graph":[{"@type":"WebPage","@id":"https:\/\/renee.com.de\/de\/skin-booster\/","url":"https:\/\/renee.com.de\/de\/skin-booster\/","name":"Skin booster - Ren\u00e9e","isPartOf":{"@id":"https:\/\/renee.com.de\/#website"},"primaryImageOfPage":{"@id":"https:\/\/renee.com.de\/de\/skin-booster\/#primaryimage"},"image":{"@id":"https:\/\/renee.com.de\/de\/skin-booster\/#primaryimage"},"thumbnailUrl":"https:\/\/renee.com.de\/wp-content\/uploads\/2021\/02\/Immagine-26@2x-scaled.jpg","datePublished":"2021-02-15T15:58:17+00:00","dateModified":"2024-07-24T07:05:52+00:00","description":"Ren\u00e9e - Bionic design for natural rejuvenation","breadcrumb":{"@id":"https:\/\/renee.com.de\/de\/skin-booster\/#breadcrumb"},"inLanguage":"de","potentialAction":[{"@type":"ReadAction","target":["https:\/\/renee.com.de\/de\/skin-booster\/"]}]},{"@type":"ImageObject","inLanguage":"de","@id":"https:\/\/renee.com.de\/de\/skin-booster\/#primaryimage","url":"https:\/\/renee.com.de\/wp-content\/uploads\/2021\/02\/Immagine-26@2x-scaled.jpg","contentUrl":"https:\/\/renee.com.de\/wp-content\/uploads\/2021\/02\/Immagine-26@2x-scaled.jpg","width":1707,"height":2560,"caption":"Eine hellblaue rechteckige Schachtel mit der Aufschrift \"REN\u00c9E PRIME 18\" steht aufrecht vor einem wei\u00dfen Hintergrund. Der Text ist in Wei\u00df und T\u00fcrkis gehalten, mit einem klaren, minimalistischen Design."},{"@type":"BreadcrumbList","@id":"https:\/\/renee.com.de\/de\/skin-booster\/#breadcrumb","itemListElement":[{"@type":"ListItem","position":1,"name":"Home","item":"https:\/\/renee.com.de\/de\/"},{"@type":"ListItem","position":2,"name":"Skin booster"}]},{"@type":"WebSite","@id":"https:\/\/renee.com.de\/#website","url":"https:\/\/renee.com.de\/","name":"Ren\u00e9e","description":"Ren\u00e9e - bionic design for natural rejuvenation","publisher":{"@id":"https:\/\/renee.com.de\/#organization"},"potentialAction":[{"@type":"SearchAction","target":{"@type":"EntryPoint","urlTemplate":"https:\/\/renee.com.de\/?s={search_term_string}"},"query-input":{"@type":"PropertyValueSpecification","valueRequired":true,"valueName":"search_term_string"}}],"inLanguage":"de"},{"@type":"Organization","@id":"https:\/\/renee.com.de\/#organization","name":"Ren\u00e9e","url":"https:\/\/renee.com.de\/","logo":{"@type":"ImageObject","inLanguage":"de","@id":"https:\/\/renee.com.de\/#\/schema\/logo\/image\/","url":"https:\/\/renee.com.de\/wp-content\/uploads\/2021\/02\/ms-icon-310x310-1.png","contentUrl":"https:\/\/renee.com.de\/wp-content\/uploads\/2021\/02\/ms-icon-310x310-1.png","width":310,"height":310,"caption":"Ren\u00e9e"},"image":{"@id":"https:\/\/renee.com.de\/#\/schema\/logo\/image\/"},"sameAs":["https:\/\/www.facebook.com\/reneeqventis\/","https:\/\/www.instagram.com\/renee_fillers\/"]}]}},"_links":{"self":[{"href":"https:\/\/renee.com.de\/de\/wp-json\/wp\/v2\/pages\/508","targetHints":{"allow":["GET"]}}],"collection":[{"href":"https:\/\/renee.com.de\/de\/wp-json\/wp\/v2\/pages"}],"about":[{"href":"https:\/\/renee.com.de\/de\/wp-json\/wp\/v2\/types\/page"}],"author":[{"embeddable":true,"href":"https:\/\/renee.com.de\/de\/wp-json\/wp\/v2\/users\/1"}],"replies":[{"embeddable":true,"href":"https:\/\/renee.com.de\/de\/wp-json\/wp\/v2\/comments?post=508"}],"version-history":[{"count":6,"href":"https:\/\/renee.com.de\/de\/wp-json\/wp\/v2\/pages\/508\/revisions"}],"predecessor-version":[{"id":1596,"href":"https:\/\/renee.com.de\/de\/wp-json\/wp\/v2\/pages\/508\/revisions\/1596"}],"wp:featuredmedia":[{"embeddable":true,"href":"https:\/\/renee.com.de\/de\/wp-json\/wp\/v2\/media\/87"}],"wp:attachment":[{"href":"https:\/\/renee.com.de\/de\/wp-json\/wp\/v2\/media?parent=508"}],"curies":[{"name":"wp","href":"https:\/\/api.w.org\/{rel}","templated":true}]}}